{"id":1727,"date":"2020-06-08T14:23:06","date_gmt":"2020-06-08T18:23:06","guid":{"rendered":"http:\/\/www.grahaminterpreting.com\/?page_id=1727"},"modified":"2024-05-10T13:20:36","modified_gmt":"2024-05-10T17:20:36","slug":"tania-marler","status":"publish","type":"page","link":"https:\/\/www.grahaminterpreting.com\/es\/tania-marler\/","title":{"rendered":"Tania Marler"},"content":{"rendered":"<div id='full_slider_1'  class='avia-fullwidth-slider main_color avia-shadow   avia-builder-el-0  el_before_av_section  avia-builder-el-first   container_wrap fullsize'  >\n<style type=\"text\/css\" data-created_by=\"avia_inline_auto\" id=\"style-css-av-jyusuvyn-a7cc2e54c29a005583a090cba1dc0a88\">\n#top #wrap_all .avia-slideshow .av-slideshow-caption.av-jyusuvyn-a7cc2e54c29a005583a090cba1dc0a88__0 .avia-caption-title{\nfont-size:44px;\n}\n#top .avia-slideshow .av-slideshow-caption.av-jyusuvyn-a7cc2e54c29a005583a090cba1dc0a88__0 .avia-caption-content{\nfont-size:24px;\n}\n#top .avia-slideshow .av-slideshow-caption.av-jyusuvyn-a7cc2e54c29a005583a090cba1dc0a88__0 .avia-caption-content p{\nfont-size:24px;\n}\n<\/style>\n<div  class='avia-slideshow av-jyusuvyn-a7cc2e54c29a005583a090cba1dc0a88 avia-slideshow-no scaling av_slideshow_full avia-fade-slider av-slideshow-ui av-control-default av-slideshow-manual av-loop-once av-loop-manual-endless   avia-slideshow-1' data-slideshow-options=\"{&quot;animation&quot;:&quot;fade&quot;,&quot;autoplay&quot;:false,&quot;loop_autoplay&quot;:&quot;once&quot;,&quot;interval&quot;:5,&quot;loop_manual&quot;:&quot;manual-endless&quot;,&quot;autoplay_stopper&quot;:false,&quot;noNavigation&quot;:false,&quot;bg_slider&quot;:false,&quot;keep_padding&quot;:false,&quot;hoverpause&quot;:false,&quot;show_slide_delay&quot;:0}\"  itemprop=\"image\" itemscope=\"itemscope\" itemtype=\"https:\/\/schema.org\/ImageObject\" ><ul class='avia-slideshow-inner' ><\/ul><\/div><\/div>\n\n<style type=\"text\/css\" data-created_by=\"avia_inline_auto\" id=\"style-css-av-4la6kx-d8b12906f11221e0d6d527ca6550465e\">\n.avia-section.av-4la6kx-d8b12906f11221e0d6d527ca6550465e{\nbackground-color:#f4f4f4;\nbackground-image:unset;\n}\n<\/style>\n<div id='about'  class='avia-section av-4la6kx-d8b12906f11221e0d6d527ca6550465e main_color avia-section-default avia-no-border-styling  avia-builder-el-1  el_after_av_slideshow_full  avia-builder-el-last  avia-bg-style-scroll container_wrap fullsize'  ><div class='container av-section-cont-open' ><div class='template-page content  av-content-full alpha units'><div class='post-entry post-entry-type-page post-entry-1727'><div class='entry-content-wrapper clearfix'>\n\n<style type=\"text\/css\" data-created_by=\"avia_inline_auto\" id=\"style-css-av-18id801-bd87b119438625bb6ce1f8714ee6c4dc\">\n#top .flex_column.av-18id801-bd87b119438625bb6ce1f8714ee6c4dc{\nmargin-top:-125px;\nmargin-bottom:0px;\n}\n.flex_column.av-18id801-bd87b119438625bb6ce1f8714ee6c4dc{\nborder-radius:0px 0px 0px 0px;\npadding:60px 60px 20px 60px;\nbackground-color:#ffffff;\n}\n.responsive #top #wrap_all .flex_column.av-18id801-bd87b119438625bb6ce1f8714ee6c4dc{\nmargin-top:-125px;\nmargin-bottom:0px;\n}\n<\/style>\n<div  class='flex_column av-18id801-bd87b119438625bb6ce1f8714ee6c4dc av_one_full  avia-builder-el-2  avia-builder-el-no-sibling  first flex_column_div'     ><p>\n<style type=\"text\/css\" data-created_by=\"avia_inline_auto\" id=\"style-css-av-kb6tb1rb-b08b352665396d75fd4c3805ec19e14f\">\n.av_font_icon.av-kb6tb1rb-b08b352665396d75fd4c3805ec19e14f .av-icon-char{\nfont-size:40px;\nline-height:40px;\n}\n<\/style>\n<span  class='av_font_icon av-kb6tb1rb-b08b352665396d75fd4c3805ec19e14f avia_animate_when_visible av-icon-style- avia-icon-pos-right avia-iconfont avia-font-entypo-fontello av-no-color avia-icon-animate'><a href='https:\/\/www.grahaminterpreting.com\/es\/about\/'   class='av-icon-char' data-av_icon='\ue87c' data-av_iconfont='entypo-fontello' aria-hidden=\"false\" ><\/a><\/span><br \/>\n<div  class='avia-testimonial-wrapper av-kb6t14p3-e326b6690512f6095e76ab1a14e511aa avia-grid-testimonials avia-grid-1-testimonials avia_animate_when_almost_visible' >\n<section class=\"avia-testimonial-row\"><div class='avia-testimonial av-2hc4nj-a5ee927eab18681b6a1a9d4a70abf73b avia-testimonial-row-1 avia-first-testimonial flex_column no_margin av_one_full'><div class='avia-testimonial_inner'  itemscope=\"itemscope\" itemtype=\"https:\/\/schema.org\/CreativeWork\" ><div class='avia-testimonial-image'  itemprop=\"image\" ><img loading=\"lazy\" decoding=\"async\" width=\"180\" height=\"180\" src=\"https:\/\/www.grahaminterpreting.com\/wp-content\/uploads\/headshot_tania_400x400-180x180.jpg\" class=\"attachment-square size-square\" alt=\"\" srcset=\"https:\/\/www.grahaminterpreting.com\/wp-content\/uploads\/headshot_tania_400x400-180x180.jpg 180w, https:\/\/www.grahaminterpreting.com\/wp-content\/uploads\/headshot_tania_400x400-300x300.jpg 300w, https:\/\/www.grahaminterpreting.com\/wp-content\/uploads\/headshot_tania_400x400-80x80.jpg 80w, https:\/\/www.grahaminterpreting.com\/wp-content\/uploads\/headshot_tania_400x400-36x36.jpg 36w, https:\/\/www.grahaminterpreting.com\/wp-content\/uploads\/headshot_tania_400x400.jpg 400w\" sizes=\"auto, (max-width: 180px) 100vw, 180px\" \/><\/div><div class='avia-testimonial-content'><div class='avia-testimonial-markup-entry-content'  itemprop=\"text\" ><h1>Tania Marler<\/h1>\n<h3><strong>Director of Relationship Management<\/strong><\/h3>\n<p>As Director of Relationship Management, Tania fosters strong collaborative relationships with both clients and job seeker candidates for Graham Inc.\u00a0 Tania joined Graham Staffing in February 2018 as a Recruiting Specialist focusing on Florida and Georgia; she soon added Graham Interpreting as a Sign Language provider in every Florida county&#8217;s Vocational Rehab department. Having run her own business previously, Tania understands the importance of finding qualified talent for client needs, whether those be for Sign Language assignments or other professional positions. Tania strives every day to assist businesses and government agencies to find the right person to join their team. Tania believes it\u2019s important to understand an organization\u2019s goals in order to find great workers. She also speaks Spanish fluently and utilizes her skills to cultivate relationships both with companies and job seekers. As a mother of a child with intellectual and developmental delays, Tania knows first-hand the benefit using American Sign Language as a child&#8217;s first language when communication is just starting to develop. She is a proud and loving mother of two adult children, a son and daughter, who are her pride and joy, alongside her dogs and chickens.<\/p>\n<p>Tania asisti\u00f3 a la Universidad de Seattle y recibi\u00f3 su MBA con \u00e9nfasis en Finanzas. Su licenciatura fue en Administraci\u00f3n de Empresas con especializaci\u00f3n en Contabilidad y Finanzas.<\/p>\n<\/div><\/div><div class=\"avia-testimonial-meta\"><div class=\"avia-testimonial-arrow-wrap\"><div class=\"avia-arrow\"><\/div><\/div><div class='avia-testimonial-meta-mini'  itemprop=\"author\" itemscope=\"itemscope\" itemtype=\"https:\/\/schema.org\/Person\" ><\/div><\/div><\/div><\/div><\/section>\n<\/div><\/p><\/div>","protected":false},"excerpt":{"rendered":"","protected":false},"author":6,"featured_media":0,"parent":0,"menu_order":0,"comment_status":"closed","ping_status":"closed","template":"","meta":{"_monsterinsights_skip_tracking":false,"_monsterinsights_sitenote_active":false,"_monsterinsights_sitenote_note":"","_monsterinsights_sitenote_category":0,"_uf_show_specific_survey":0,"_uf_disable_surveys":false,"footnotes":""},"class_list":["post-1727","page","type-page","status-publish","hentry"],"aioseo_notices":[],"yoast_head":"<!-- This site is optimized with the Yoast SEO plugin v27.4 - https:\/\/yoast.com\/product\/yoast-seo-wordpress\/ -->\n<title>Tania Marler - GRAHAM INTERPRETING<\/title>\n<meta name=\"robots\" content=\"index, follow, max-snippet:-1, max-image-preview:large, max-video-preview:-1\" \/>\n<link rel=\"canonical\" href=\"https:\/\/www.grahaminterpreting.com\/es\/tania-marler\/\" \/>\n<meta property=\"og:locale\" content=\"es_ES\" \/>\n<meta property=\"og:type\" content=\"article\" \/>\n<meta property=\"og:title\" content=\"Tania Marler - GRAHAM INTERPRETING\" \/>\n<meta property=\"og:url\" content=\"https:\/\/www.grahaminterpreting.com\/es\/tania-marler\/\" \/>\n<meta property=\"og:site_name\" content=\"GRAHAM INTERPRETING\" \/>\n<meta property=\"article:modified_time\" content=\"2024-05-10T17:20:36+00:00\" \/>\n<meta name=\"twitter:card\" content=\"summary_large_image\" \/>\n<meta name=\"twitter:label1\" content=\"Tiempo de lectura\" \/>\n\t<meta name=\"twitter:data1\" content=\"4 minutos\" \/>\n<!-- \/ Yoast SEO plugin. -->","yoast_head_json":{"title":"Tania Marler - GRAHAM INTERPRETING","robots":{"index":"index","follow":"follow","max-snippet":"max-snippet:-1","max-image-preview":"max-image-preview:large","max-video-preview":"max-video-preview:-1"},"canonical":"https:\/\/www.grahaminterpreting.com\/es\/tania-marler\/","og_locale":"es_ES","og_type":"article","og_title":"Tania Marler - GRAHAM INTERPRETING","og_url":"https:\/\/www.grahaminterpreting.com\/es\/tania-marler\/","og_site_name":"GRAHAM INTERPRETING","article_modified_time":"2024-05-10T17:20:36+00:00","twitter_card":"summary_large_image","twitter_misc":{"Tiempo de lectura":"4 minutos"},"schema":{"@context":"https:\/\/schema.org","@graph":[{"@type":"WebPage","@id":"https:\/\/www.grahaminterpreting.com\/tania-marler\/","url":"https:\/\/www.grahaminterpreting.com\/tania-marler\/","name":"Tania Marler - GRAHAM INTERPRETING","isPartOf":{"@id":"https:\/\/www.grahaminterpreting.com\/#website"},"datePublished":"2020-06-08T18:23:06+00:00","dateModified":"2024-05-10T17:20:36+00:00","breadcrumb":{"@id":"https:\/\/www.grahaminterpreting.com\/tania-marler\/#breadcrumb"},"inLanguage":"es","potentialAction":[{"@type":"ReadAction","target":["https:\/\/www.grahaminterpreting.com\/tania-marler\/"]}]},{"@type":"BreadcrumbList","@id":"https:\/\/www.grahaminterpreting.com\/tania-marler\/#breadcrumb","itemListElement":[{"@type":"ListItem","position":1,"name":"Home","item":"https:\/\/www.grahaminterpreting.com\/homepage\/"},{"@type":"ListItem","position":2,"name":"Tania Marler"}]},{"@type":"WebSite","@id":"https:\/\/www.grahaminterpreting.com\/#website","url":"https:\/\/www.grahaminterpreting.com\/","name":"GRAHAM INTERPRETING","description":"Sign Language Interpreters On-Site and Virtual","potentialAction":[{"@type":"SearchAction","target":{"@type":"EntryPoint","urlTemplate":"https:\/\/www.grahaminterpreting.com\/?s={search_term_string}"},"query-input":{"@type":"PropertyValueSpecification","valueRequired":true,"valueName":"search_term_string"}}],"inLanguage":"es"}]}},"_links":{"self":[{"href":"https:\/\/www.grahaminterpreting.com\/es\/wp-json\/wp\/v2\/pages\/1727","targetHints":{"allow":["GET"]}}],"collection":[{"href":"https:\/\/www.grahaminterpreting.com\/es\/wp-json\/wp\/v2\/pages"}],"about":[{"href":"https:\/\/www.grahaminterpreting.com\/es\/wp-json\/wp\/v2\/types\/page"}],"author":[{"embeddable":true,"href":"https:\/\/www.grahaminterpreting.com\/es\/wp-json\/wp\/v2\/users\/6"}],"replies":[{"embeddable":true,"href":"https:\/\/www.grahaminterpreting.com\/es\/wp-json\/wp\/v2\/comments?post=1727"}],"version-history":[{"count":0,"href":"https:\/\/www.grahaminterpreting.com\/es\/wp-json\/wp\/v2\/pages\/1727\/revisions"}],"wp:attachment":[{"href":"https:\/\/www.grahaminterpreting.com\/es\/wp-json\/wp\/v2\/media?parent=1727"}],"curies":[{"name":"wp","href":"https:\/\/api.w.org\/{rel}","templated":true}]}}